{"id":1045,"date":"2021-06-19T14:34:11","date_gmt":"2021-06-19T12:34:11","guid":{"rendered":"http:\/\/s659316339.online.de\/praxis-wardak\/?page_id=1045"},"modified":"2021-06-25T09:58:09","modified_gmt":"2021-06-25T07:58:09","slug":"praxis-wardak","status":"publish","type":"page","link":"http:\/\/s659316339.online.de\/praxis-wardak\/","title":{"rendered":"Praxis-Wardak"},"content":{"rendered":"\t\t<div data-elementor-type=\"wp-page\" data-elementor-id=\"1045\" class=\"elementor elementor-1045\" data-elementor-settings=\"[]\">\n\t\t\t\t\t\t\t<div class=\"elementor-section-wrap\">\n\t\t\t\t\t\t\t<section class=\"elementor-section elementor-top-section elementor-element elementor-element-4b1e87f1 elementor-section-boxed elementor-section-height-default elementor-section-height-default parallax_section_no qode_elementor_container_no\" data-id=\"4b1e87f1\" data-element_type=\"section\" data-settings=\"{&quot;background_background&quot;:&quot;classic&quot;}\">\n\t\t\t\t\t\t\t<div class=\"elementor-background-overlay\"><\/div>\n\t\t\t\t\t\t\t<div class=\"elementor-container elementor-column-gap-default\">\n\t\t\t\t\t<div class=\"elementor-column elementor-col-100 elementor-top-column elementor-element elementor-element-5ad344ad\" data-id=\"5ad344ad\" data-element_type=\"column\" data-settings=\"{&quot;background_background&quot;:&quot;classic&quot;}\">\n\t\t\t<div class=\"elementor-widget-wrap elementor-element-populated\">\n\t\t\t\t\t\t\t\t<div class=\"elementor-element elementor-element-78b6c795 elementor-widget-divider--view-line elementor-widget elementor-widget-divider\" data-id=\"78b6c795\" data-element_type=\"widget\" data-widget_type=\"divider.default\">\n\t\t\t\t<div class=\"elementor-widget-container\">\n\t\t\t\t\t<div class=\"elementor-divider\">\n\t\t\t<span class=\"elementor-divider-separator\">\n\t\t\t\t\t\t<\/span>\n\t\t<\/div>\n\t\t\t\t<\/div>\n\t\t\t\t<\/div>\n\t\t\t\t<section class=\"elementor-section elementor-inner-section elementor-element elementor-element-7bb9b92 elementor-section-boxed elementor-section-height-default elementor-section-height-default parallax_section_no qode_elementor_container_no\" data-id=\"7bb9b92\" data-element_type=\"section\" data-settings=\"{&quot;background_background&quot;:&quot;classic&quot;}\">\n\t\t\t\t\t\t<div class=\"elementor-container elementor-column-gap-default\">\n\t\t\t\t\t<div class=\"elementor-column elementor-col-100 elementor-inner-column elementor-element elementor-element-73cdcbd\" data-id=\"73cdcbd\" data-element_type=\"column\" data-settings=\"{&quot;background_background&quot;:&quot;classic&quot;}\">\n\t\t\t<div class=\"elementor-widget-wrap elementor-element-populated\">\n\t\t\t\t\t\t\t\t<div class=\"elementor-element elementor-element-4d2f531 elementor-widget elementor-widget-text-editor\" data-id=\"4d2f531\" data-element_type=\"widget\" data-widget_type=\"text-editor.default\">\n\t\t\t\t<div class=\"elementor-widget-container\">\n\t\t\t\t\t\t\t\t<h1>WIR IMPFEN!\u200b<\/h1><p>\u00a0<\/p><p>Sehr geehrte Damen und Herren,<\/p><p>damit wir schneller zur Normalit\u00e4t finden, haben wir uns als chirurgisch\/orthop\u00e4dische Praxis dazu entschieden, Ihnen die M\u00f6glichkeit der Impfung anzubieten.<\/p><p>Die w\u00f6chentliche Menge des Impfstoffs ist stark von der Verf\u00fcgbarkeit abh\u00e4ngig. Hierauf haben wir keinen Einfluss.<\/p><p>Zwecks Terminierung bitten wir Sie h\u00f6flich, ausschlie\u00dflich telefonische Termine zu vereibaren.<\/p>\t\t\t\t\t\t<\/div>\n\t\t\t\t<\/div>\n\t\t\t\t\t<\/div>\n\t\t<\/div>\n\t\t\t\t\t\t\t<\/div>\n\t\t<\/section>\n\t\t\t\t<section class=\"elementor-section elementor-inner-section elementor-element elementor-element-3c2eb3a8 elementor-section-full_width elementor-section-height-default elementor-section-height-default parallax_section_no qode_elementor_container_no\" data-id=\"3c2eb3a8\" data-element_type=\"section\">\n\t\t\t\t\t\t<div class=\"elementor-container elementor-column-gap-default\">\n\t\t\t\t\t<div class=\"elementor-column elementor-col-50 elementor-inner-column elementor-element elementor-element-28a04cd9 elementor-invisible\" data-id=\"28a04cd9\" data-element_type=\"column\" data-settings=\"{&quot;animation&quot;:&quot;fadeInLeft&quot;}\">\n\t\t\t<div class=\"elementor-widget-wrap elementor-element-populated\">\n\t\t\t\t\t\t\t\t<div class=\"elementor-element elementor-element-6312c4c8 elementor-widget elementor-widget-image\" data-id=\"6312c4c8\" data-element_type=\"widget\" data-widget_type=\"image.default\">\n\t\t\t\t<div class=\"elementor-widget-container\">\n\t\t\t\t\t\t\t\t\t\t\t\t\t\t\t<img width=\"2560\" height=\"1895\" src=\"http:\/\/s659316339.online.de\/praxis-wardak\/wp-content\/uploads\/2021\/06\/Checkliste_Praxis-Wardak-scaled.jpeg\" class=\"attachment-full size-full\" alt=\"\" loading=\"lazy\" srcset=\"http:\/\/s659316339.online.de\/praxis-wardak\/wp-content\/uploads\/2021\/06\/Checkliste_Praxis-Wardak-scaled.jpeg 2560w, http:\/\/s659316339.online.de\/praxis-wardak\/wp-content\/uploads\/2021\/06\/Checkliste_Praxis-Wardak-300x222.jpeg 300w, http:\/\/s659316339.online.de\/praxis-wardak\/wp-content\/uploads\/2021\/06\/Checkliste_Praxis-Wardak-1030x762.jpeg 1030w, http:\/\/s659316339.online.de\/praxis-wardak\/wp-content\/uploads\/2021\/06\/Checkliste_Praxis-Wardak-768x568.jpeg 768w, http:\/\/s659316339.online.de\/praxis-wardak\/wp-content\/uploads\/2021\/06\/Checkliste_Praxis-Wardak-1536x1137.jpeg 1536w, http:\/\/s659316339.online.de\/praxis-wardak\/wp-content\/uploads\/2021\/06\/Checkliste_Praxis-Wardak-2048x1516.jpeg 2048w, http:\/\/s659316339.online.de\/praxis-wardak\/wp-content\/uploads\/2021\/06\/Checkliste_Praxis-Wardak-700x518.jpeg 700w\" sizes=\"(max-width: 2560px) 100vw, 2560px\" \/>\t\t\t\t\t\t\t\t\t\t\t\t\t\t\t<\/div>\n\t\t\t\t<\/div>\n\t\t\t\t\t<\/div>\n\t\t<\/div>\n\t\t\t\t<div class=\"elementor-column elementor-col-50 elementor-inner-column elementor-element elementor-element-2e785ac4 elementor-invisible\" data-id=\"2e785ac4\" data-element_type=\"column\" data-settings=\"{&quot;background_background&quot;:&quot;classic&quot;,&quot;animation&quot;:&quot;fadeInRight&quot;}\">\n\t\t\t<div class=\"elementor-widget-wrap elementor-element-populated\">\n\t\t\t\t\t\t\t\t<div class=\"elementor-element elementor-element-68564f82 elementor-widget elementor-widget-heading\" data-id=\"68564f82\" data-element_type=\"widget\" data-widget_type=\"heading.default\">\n\t\t\t\t<div class=\"elementor-widget-container\">\n\t\t\t<p class=\"elementor-heading-title elementor-size-default\">Covid<\/p>\t\t<\/div>\n\t\t\t\t<\/div>\n\t\t\t\t<div class=\"elementor-element elementor-element-3d463346 elementor-widget elementor-widget-heading\" data-id=\"3d463346\" data-element_type=\"widget\" data-widget_type=\"heading.default\">\n\t\t\t\t<div class=\"elementor-widget-container\">\n\t\t\t<h3 class=\"elementor-heading-title elementor-size-default\">Wichtig!<\/h3>\t\t<\/div>\n\t\t\t\t<\/div>\n\t\t\t\t<div class=\"elementor-element elementor-element-c86c40a elementor-widget elementor-widget-text-editor\" data-id=\"c86c40a\" data-element_type=\"widget\" data-widget_type=\"text-editor.default\">\n\t\t\t\t<div class=\"elementor-widget-container\">\n\t\t\t\t\t\t\t\t<h3>Zum Impftermin bitten Wir Sie ferner je nach Wahr des Impfstoffes Folgendes mitzubringen<\/h3>\t\t\t\t\t\t<\/div>\n\t\t\t\t<\/div>\n\t\t\t\t<div class=\"elementor-element elementor-element-26922b4a elementor-widget elementor-widget-text-editor\" data-id=\"26922b4a\" data-element_type=\"widget\" data-widget_type=\"text-editor.default\">\n\t\t\t\t<div class=\"elementor-widget-container\">\n\t\t\t\t\t\t\t\t<ol><li>Aufkl\u00e4rungsbogen BioNTech\/Pfizer, AstraZeneca oder Johnson &amp; Johnson<\/li><li>Einwilligungserkl\u00e4rung BioNTech\/Pfizer AstraZeneca oder Johnson &amp; Johnson<\/li><li>Ihren Impfpass sowie eine g\u00fcltige Versicherungskarte<\/li><\/ol>\t\t\t\t\t\t<\/div>\n\t\t\t\t<\/div>\n\t\t\t\t\t<\/div>\n\t\t<\/div>\n\t\t\t\t\t\t\t<\/div>\n\t\t<\/section>\n\t\t\t\t<section class=\"elementor-section elementor-inner-section elementor-element elementor-element-5d03e57 elementor-reverse-mobile elementor-section-full_width elementor-section-height-default elementor-section-height-default parallax_section_no qode_elementor_container_no\" data-id=\"5d03e57\" data-element_type=\"section\">\n\t\t\t\t\t\t<div class=\"elementor-container elementor-column-gap-default\">\n\t\t\t\t\t<div class=\"elementor-column elementor-col-50 elementor-inner-column elementor-element elementor-element-3365d914 elementor-invisible\" data-id=\"3365d914\" data-element_type=\"column\" data-settings=\"{&quot;background_background&quot;:&quot;classic&quot;,&quot;animation&quot;:&quot;fadeInLeft&quot;}\">\n\t\t\t<div class=\"elementor-widget-wrap elementor-element-populated\">\n\t\t\t\t\t\t\t\t<div class=\"elementor-element elementor-element-14d0ab59 elementor-widget elementor-widget-heading\" data-id=\"14d0ab59\" data-element_type=\"widget\" data-widget_type=\"heading.default\">\n\t\t\t\t<div class=\"elementor-widget-container\">\n\t\t\t<h3 class=\"elementor-heading-title elementor-size-default\">COVID 19<\/h3>\t\t<\/div>\n\t\t\t\t<\/div>\n\t\t\t\t<div class=\"elementor-element elementor-element-c493f86 elementor-widget elementor-widget-text-editor\" data-id=\"c493f86\" data-element_type=\"widget\" data-widget_type=\"text-editor.default\">\n\t\t\t\t<div class=\"elementor-widget-container\">\n\t\t\t\t\t\t\t\t<h3>Bitte kontaktieren Sie vorher Ihre Haus\u00e4rztin bzw. Ihren Hausarzt, wenn Sie, \u00a0<\/h3>\t\t\t\t\t\t<\/div>\n\t\t\t\t<\/div>\n\t\t\t\t<div class=\"elementor-element elementor-element-7cbd333 elementor-widget elementor-widget-text-editor\" data-id=\"7cbd333\" data-element_type=\"widget\" data-widget_type=\"text-editor.default\">\n\t\t\t\t<div class=\"elementor-widget-container\">\n\t\t\t\t\t\t\t\t<ul><li>unter Allergien leiden,<\/li><li>chronische Atemwegserkrankungen haben oder<\/li><li>blutverd\u00fcnnende Medikamente nehmen<\/li><\/ul>\t\t\t\t\t\t<\/div>\n\t\t\t\t<\/div>\n\t\t\t\t\t<\/div>\n\t\t<\/div>\n\t\t\t\t<div class=\"elementor-column elementor-col-50 elementor-inner-column elementor-element elementor-element-6b04655\" data-id=\"6b04655\" data-element_type=\"column\">\n\t\t\t<div class=\"elementor-widget-wrap elementor-element-populated\">\n\t\t\t\t\t\t\t\t<div class=\"elementor-element elementor-element-49179d1a elementor-invisible elementor-widget elementor-widget-image\" data-id=\"49179d1a\" data-element_type=\"widget\" data-settings=\"{&quot;_animation&quot;:&quot;fadeInRight&quot;}\" data-widget_type=\"image.default\">\n\t\t\t\t<div class=\"elementor-widget-container\">\n\t\t\t\t\t\t\t\t\t\t\t\t\t\t\t<img width=\"1000\" height=\"1000\" src=\"http:\/\/s659316339.online.de\/praxis-wardak\/wp-content\/uploads\/2021\/06\/Covid19_Vorerkrankungen_Praxis-Wardak-1000x1000.jpg\" class=\"attachment-portfolio_masonry_large size-portfolio_masonry_large\" alt=\"\" loading=\"lazy\" srcset=\"http:\/\/s659316339.online.de\/praxis-wardak\/wp-content\/uploads\/2021\/06\/Covid19_Vorerkrankungen_Praxis-Wardak-1000x1000.jpg 1000w, http:\/\/s659316339.online.de\/praxis-wardak\/wp-content\/uploads\/2021\/06\/Covid19_Vorerkrankungen_Praxis-Wardak-80x80.jpg 80w, http:\/\/s659316339.online.de\/praxis-wardak\/wp-content\/uploads\/2021\/06\/Covid19_Vorerkrankungen_Praxis-Wardak-570x570.jpg 570w, http:\/\/s659316339.online.de\/praxis-wardak\/wp-content\/uploads\/2021\/06\/Covid19_Vorerkrankungen_Praxis-Wardak-500x500.jpg 500w, http:\/\/s659316339.online.de\/praxis-wardak\/wp-content\/uploads\/2021\/06\/Covid19_Vorerkrankungen_Praxis-Wardak-650x650.jpg 650w, http:\/\/s659316339.online.de\/praxis-wardak\/wp-content\/uploads\/2021\/06\/Covid19_Vorerkrankungen_Praxis-Wardak-1300x1300.jpg 1300w\" sizes=\"(max-width: 1000px) 100vw, 1000px\" \/>\t\t\t\t\t\t\t\t\t\t\t\t\t\t\t<\/div>\n\t\t\t\t<\/div>\n\t\t\t\t\t<\/div>\n\t\t<\/div>\n\t\t\t\t\t\t\t<\/div>\n\t\t<\/section>\n\t\t\t\t<section class=\"elementor-section elementor-inner-section elementor-element elementor-element-162515f8 elementor-section-full_width elementor-section-height-default elementor-section-height-default parallax_section_no qode_elementor_container_no\" data-id=\"162515f8\" data-element_type=\"section\">\n\t\t\t\t\t\t<div class=\"elementor-container elementor-column-gap-default\">\n\t\t\t\t\t<div class=\"elementor-column elementor-col-50 elementor-inner-column elementor-element elementor-element-154c4915 elementor-invisible\" data-id=\"154c4915\" data-element_type=\"column\" data-settings=\"{&quot;animation&quot;:&quot;fadeInLeft&quot;}\">\n\t\t\t<div class=\"elementor-widget-wrap elementor-element-populated\">\n\t\t\t\t\t\t\t\t<div class=\"elementor-element elementor-element-4bf2a126 elementor-widget elementor-widget-image\" data-id=\"4bf2a126\" data-element_type=\"widget\" data-widget_type=\"image.default\">\n\t\t\t\t<div class=\"elementor-widget-container\">\n\t\t\t\t\t\t\t\t\t\t\t\t\t\t\t<img width=\"1148\" height=\"676\" src=\"http:\/\/s659316339.online.de\/praxis-wardak\/wp-content\/uploads\/2021\/06\/Bildschirmfoto-2021-06-25-um-09.54.49.png\" class=\"attachment-full size-full\" alt=\"\" loading=\"lazy\" srcset=\"http:\/\/s659316339.online.de\/praxis-wardak\/wp-content\/uploads\/2021\/06\/Bildschirmfoto-2021-06-25-um-09.54.49.png 1148w, http:\/\/s659316339.online.de\/praxis-wardak\/wp-content\/uploads\/2021\/06\/Bildschirmfoto-2021-06-25-um-09.54.49-300x177.png 300w, http:\/\/s659316339.online.de\/praxis-wardak\/wp-content\/uploads\/2021\/06\/Bildschirmfoto-2021-06-25-um-09.54.49-1030x607.png 1030w, http:\/\/s659316339.online.de\/praxis-wardak\/wp-content\/uploads\/2021\/06\/Bildschirmfoto-2021-06-25-um-09.54.49-768x452.png 768w, http:\/\/s659316339.online.de\/praxis-wardak\/wp-content\/uploads\/2021\/06\/Bildschirmfoto-2021-06-25-um-09.54.49-700x412.png 700w\" sizes=\"(max-width: 1148px) 100vw, 1148px\" \/>\t\t\t\t\t\t\t\t\t\t\t\t\t\t\t<\/div>\n\t\t\t\t<\/div>\n\t\t\t\t\t<\/div>\n\t\t<\/div>\n\t\t\t\t<div class=\"elementor-column elementor-col-50 elementor-inner-column elementor-element elementor-element-3a6a43f4 elementor-invisible\" data-id=\"3a6a43f4\" data-element_type=\"column\" data-settings=\"{&quot;background_background&quot;:&quot;classic&quot;,&quot;animation&quot;:&quot;fadeInRight&quot;}\">\n\t\t\t<div class=\"elementor-widget-wrap elementor-element-populated\">\n\t\t\t\t\t\t\t\t<div class=\"elementor-element elementor-element-51600bc elementor-widget elementor-widget-heading\" data-id=\"51600bc\" data-element_type=\"widget\" data-widget_type=\"heading.default\">\n\t\t\t\t<div class=\"elementor-widget-container\">\n\t\t\t<p class=\"elementor-heading-title elementor-size-default\">Dokumente<\/p>\t\t<\/div>\n\t\t\t\t<\/div>\n\t\t\t\t<div class=\"elementor-element elementor-element-712c085 elementor-widget elementor-widget-heading\" data-id=\"712c085\" data-element_type=\"widget\" data-widget_type=\"heading.default\">\n\t\t\t\t<div class=\"elementor-widget-container\">\n\t\t\t<h3 class=\"elementor-heading-title elementor-size-default\">Unterlagen<\/h3>\t\t<\/div>\n\t\t\t\t<\/div>\n\t\t\t\t<div class=\"elementor-element elementor-element-12b63916 elementor-widget elementor-widget-text-editor\" data-id=\"12b63916\" data-element_type=\"widget\" data-widget_type=\"text-editor.default\">\n\t\t\t\t<div class=\"elementor-widget-container\">\n\t\t\t\t\t\t\t\t<p>Hier k\u00f6nnen Sie die ben\u00f6tigten Unterlagen runterladen.<\/p>\t\t\t\t\t\t<\/div>\n\t\t\t\t<\/div>\n\t\t\t\t<div class=\"elementor-element elementor-element-5f9af4a4 elementor-mobile-align-center elementor-widget elementor-widget-button\" data-id=\"5f9af4a4\" data-element_type=\"widget\" data-widget_type=\"button.default\">\n\t\t\t\t<div class=\"elementor-widget-container\">\n\t\t\t\t\t<div class=\"elementor-button-wrapper\">\n\t\t\t<a href=\"https:\/\/www.rki.de\/DE\/Content\/Infekt\/Impfen\/Materialien\/COVID-19-Aufklaerungsbogen-Tab.html\" target=\"_blank\" class=\"elementor-button-link elementor-button elementor-size-sm\" role=\"button\">\n\t\t\t\t\t\t<span class=\"elementor-button-content-wrapper\">\n\t\t\t\t\t\t<span class=\"elementor-button-text\">mRNA-Impfstoffe<\/span>\n\t\t<\/span>\n\t\t\t\t\t<\/a>\n\t\t<\/div>\n\t\t\t\t<\/div>\n\t\t\t\t<\/div>\n\t\t\t\t<div class=\"elementor-element elementor-element-8d32f7a elementor-mobile-align-center elementor-widget elementor-widget-button\" data-id=\"8d32f7a\" data-element_type=\"widget\" data-widget_type=\"button.default\">\n\t\t\t\t<div class=\"elementor-widget-container\">\n\t\t\t\t\t<div class=\"elementor-button-wrapper\">\n\t\t\t<a href=\"https:\/\/www.rki.de\/DE\/Content\/Infekt\/Impfen\/Materialien\/COVID-19-Vektorimpfstoff-Tab.html\" target=\"_blank\" class=\"elementor-button-link elementor-button elementor-size-sm\" role=\"button\">\n\t\t\t\t\t\t<span class=\"elementor-button-content-wrapper\">\n\t\t\t\t\t\t<span class=\"elementor-button-text\">Vektor-Impfstoffe<\/span>\n\t\t<\/span>\n\t\t\t\t\t<\/a>\n\t\t<\/div>\n\t\t\t\t<\/div>\n\t\t\t\t<\/div>\n\t\t\t\t\t<\/div>\n\t\t<\/div>\n\t\t\t\t\t\t\t<\/div>\n\t\t<\/section>\n\t\t\t\t<section class=\"elementor-section elementor-inner-section elementor-element elementor-element-601277e9 elementor-section-boxed elementor-section-height-default elementor-section-height-default parallax_section_no qode_elementor_container_no\" data-id=\"601277e9\" data-element_type=\"section\">\n\t\t\t\t\t\t<div class=\"elementor-container elementor-column-gap-default\">\n\t\t\t\t\t<div class=\"elementor-column elementor-col-100 elementor-inner-column elementor-element elementor-element-454e499a\" data-id=\"454e499a\" data-element_type=\"column\">\n\t\t\t<div class=\"elementor-widget-wrap elementor-element-populated\">\n\t\t\t\t\t\t\t\t<div class=\"elementor-element elementor-element-11e87086 elementor-widget-divider--view-line elementor-widget elementor-widget-divider\" data-id=\"11e87086\" data-element_type=\"widget\" data-widget_type=\"divider.default\">\n\t\t\t\t<div class=\"elementor-widget-container\">\n\t\t\t\t\t<div class=\"elementor-divider\">\n\t\t\t<span class=\"elementor-divider-separator\">\n\t\t\t\t\t\t<\/span>\n\t\t<\/div>\n\t\t\t\t<\/div>\n\t\t\t\t<\/div>\n\t\t\t\t<div class=\"elementor-element elementor-element-16fadace elementor-widget elementor-widget-heading\" data-id=\"16fadace\" data-element_type=\"widget\" data-widget_type=\"heading.default\">\n\t\t\t\t<div class=\"elementor-widget-container\">\n\t\t\t<h2 class=\"elementor-heading-title elementor-size-default\">Kontaktieren Sie uns!<\/h2>\t\t<\/div>\n\t\t\t\t<\/div>\n\t\t\t\t<div class=\"elementor-element elementor-element-5422fe58 elementor-button-align-center elementor-tablet-button-align-stretch elementor-mobile-button-align-stretch elementor-widget elementor-widget-form\" data-id=\"5422fe58\" data-element_type=\"widget\" data-settings=\"{&quot;step_next_label&quot;:&quot;Next&quot;,&quot;step_previous_label&quot;:&quot;Previous&quot;,&quot;button_width&quot;:&quot;100&quot;,&quot;step_type&quot;:&quot;number_text&quot;,&quot;step_icon_shape&quot;:&quot;circle&quot;}\" data-widget_type=\"form.default\">\n\t\t\t\t<div class=\"elementor-widget-container\">\n\t\t\t\t\t<form class=\"elementor-form\" method=\"post\" name=\"Contact Us\">\n\t\t\t<input type=\"hidden\" name=\"post_id\" value=\"1045\"\/>\n\t\t\t<input type=\"hidden\" name=\"form_id\" value=\"5422fe58\"\/>\n\t\t\t<input type=\"hidden\" name=\"referer_title\" value=\"Praxis Dr. Wardak\" \/>\n\n\t\t\t\n\t\t\t<div class=\"elementor-form-fields-wrapper elementor-labels-\">\n\t\t\t\t\t\t\t\t<div class=\"elementor-field-type-text elementor-field-group elementor-column elementor-field-group-ls8f5vw elementor-col-33\">\n\t\t\t\t\t<label for=\"form-field-ls8f5vw\" class=\"elementor-field-label elementor-screen-only\">Name<\/label><input size=\"1\" type=\"text\" name=\"form_fields[ls8f5vw]\" id=\"form-field-ls8f5vw\" class=\"elementor-field elementor-size-sm  elementor-field-textual\" placeholder=\"Name\">\t\t\t\t<\/div>\n\t\t\t\t\t\t\t\t<div class=\"elementor-field-type-email elementor-field-group elementor-column elementor-field-group-61jgmeg elementor-col-33\">\n\t\t\t\t\t<label for=\"form-field-61jgmeg\" class=\"elementor-field-label elementor-screen-only\">Email<\/label><input size=\"1\" type=\"email\" name=\"form_fields[61jgmeg]\" id=\"form-field-61jgmeg\" class=\"elementor-field elementor-size-sm  elementor-field-textual\" placeholder=\"Email\">\t\t\t\t<\/div>\n\t\t\t\t\t\t\t\t<div class=\"elementor-field-type-text elementor-field-group elementor-column elementor-field-group-vcfzijy elementor-col-33\">\n\t\t\t\t\t<label for=\"form-field-vcfzijy\" class=\"elementor-field-label elementor-screen-only\">Telefon<\/label><input size=\"1\" type=\"text\" name=\"form_fields[vcfzijy]\" id=\"form-field-vcfzijy\" class=\"elementor-field elementor-size-sm  elementor-field-textual\" placeholder=\"Telefon\">\t\t\t\t<\/div>\n\t\t\t\t\t\t\t\t<div class=\"elementor-field-type-text elementor-field-group elementor-column elementor-field-group-125shfm elementor-col-100\">\n\t\t\t\t\t<label for=\"form-field-125shfm\" class=\"elementor-field-label elementor-screen-only\">Betreff<\/label><input size=\"1\" type=\"text\" name=\"form_fields[125shfm]\" id=\"form-field-125shfm\" class=\"elementor-field elementor-size-sm  elementor-field-textual\" placeholder=\"Betreff\">\t\t\t\t<\/div>\n\t\t\t\t\t\t\t\t<div class=\"elementor-field-type-textarea elementor-field-group elementor-column elementor-field-group-uvnsnlz elementor-col-100\">\n\t\t\t\t\t<label for=\"form-field-uvnsnlz\" class=\"elementor-field-label elementor-screen-only\">Nachricht<\/label><textarea class=\"elementor-field-textual elementor-field  elementor-size-sm\" name=\"form_fields[uvnsnlz]\" id=\"form-field-uvnsnlz\" rows=\"4\" placeholder=\"Nachricht\"><\/textarea>\t\t\t\t<\/div>\n\t\t\t\t\t\t\t\t<div class=\"elementor-field-group elementor-column elementor-field-type-submit elementor-col-100 e-form__buttons\">\n\t\t\t\t\t<button type=\"submit\" class=\"elementor-button elementor-size-sm\">\n\t\t\t\t\t\t<span >\n\t\t\t\t\t\t\t\t\t\t\t\t\t\t\t<span class=\" elementor-button-icon\">\n\t\t\t\t\t\t\t\t\t\t\t\t\t\t\t\t\t\t\t\t\t\t\t\t\t\t<\/span>\n\t\t\t\t\t\t\t\t\t\t\t\t\t\t\t\t\t\t\t\t\t\t<span class=\"elementor-button-text\">Send Message<\/span>\n\t\t\t\t\t\t\t\t\t\t\t\t\t<\/span>\n\t\t\t\t\t<\/button>\n\t\t\t\t<\/div>\n\t\t\t<\/div>\n\t\t<\/form>\n\t\t\t\t<\/div>\n\t\t\t\t<\/div>\n\t\t\t\t\t<\/div>\n\t\t<\/div>\n\t\t\t\t\t\t\t<\/div>\n\t\t<\/section>\n\t\t\t\t\t<\/div>\n\t\t<\/div>\n\t\t\t\t\t\t\t<\/div>\n\t\t<\/section>\n\t\t\t\t\t\t<\/div>\n\t\t\t\t\t<\/div>\n\t\t","protected":false},"excerpt":{"rendered":"<p>WIR IMPFEN!\u200b \u00a0 Sehr geehrte Damen und Herren, damit wir schneller zur Normalit\u00e4t finden, haben wir uns als chirurgisch\/orthop\u00e4dische Praxis dazu entschieden, Ihnen die M\u00f6glichkeit der Impfung anzubieten. Die w\u00f6chentliche Menge des Impfstoffs ist stark von der Verf\u00fcgbarkeit abh\u00e4ngig. Hierauf haben wir keinen Einfluss. Zwecks&#8230;<\/p>\n","protected":false},"author":1,"featured_media":0,"parent":0,"menu_order":0,"comment_status":"closed","ping_status":"closed","template":"","meta":[],"_links":{"self":[{"href":"http:\/\/s659316339.online.de\/praxis-wardak\/wp-json\/wp\/v2\/pages\/1045"}],"collection":[{"href":"http:\/\/s659316339.online.de\/praxis-wardak\/wp-json\/wp\/v2\/pages"}],"about":[{"href":"http:\/\/s659316339.online.de\/praxis-wardak\/wp-json\/wp\/v2\/types\/page"}],"author":[{"embeddable":true,"href":"http:\/\/s659316339.online.de\/praxis-wardak\/wp-json\/wp\/v2\/users\/1"}],"replies":[{"embeddable":true,"href":"http:\/\/s659316339.online.de\/praxis-wardak\/wp-json\/wp\/v2\/comments?post=1045"}],"version-history":[{"count":71,"href":"http:\/\/s659316339.online.de\/praxis-wardak\/wp-json\/wp\/v2\/pages\/1045\/revisions"}],"predecessor-version":[{"id":1381,"href":"http:\/\/s659316339.online.de\/praxis-wardak\/wp-json\/wp\/v2\/pages\/1045\/revisions\/1381"}],"wp:attachment":[{"href":"http:\/\/s659316339.online.de\/praxis-wardak\/wp-json\/wp\/v2\/media?parent=1045"}],"curies":[{"name":"wp","href":"https:\/\/api.w.org\/{rel}","templated":true}]}}