{"id":1204,"date":"2021-06-21T13:26:24","date_gmt":"2021-06-21T11:26:24","guid":{"rendered":"http:\/\/s659316339.online.de\/praxis-wardak\/?page_id=1204"},"modified":"2021-06-21T14:12:06","modified_gmt":"2021-06-21T12:12:06","slug":"orthopaedie","status":"publish","type":"page","link":"http:\/\/s659316339.online.de\/praxis-wardak\/orthopaedie\/","title":{"rendered":"Orthop\u00e4die"},"content":{"rendered":"\t\t<div data-elementor-type=\"wp-page\" data-elementor-id=\"1204\" class=\"elementor elementor-1204\" data-elementor-settings=\"[]\">\n\t\t\t\t\t\t\t<div class=\"elementor-section-wrap\">\n\t\t\t\t\t\t\t<section class=\"elementor-section elementor-top-section elementor-element elementor-element-4b1e87f1 elementor-section-boxed elementor-section-height-default elementor-section-height-default parallax_section_no qode_elementor_container_no\" data-id=\"4b1e87f1\" data-element_type=\"section\" data-settings=\"{&quot;background_background&quot;:&quot;classic&quot;}\">\n\t\t\t\t\t\t\t<div class=\"elementor-background-overlay\"><\/div>\n\t\t\t\t\t\t\t<div class=\"elementor-container elementor-column-gap-default\">\n\t\t\t\t\t<div class=\"elementor-column elementor-col-100 elementor-top-column elementor-element elementor-element-5ad344ad\" data-id=\"5ad344ad\" data-element_type=\"column\" data-settings=\"{&quot;background_background&quot;:&quot;classic&quot;}\">\n\t\t\t<div class=\"elementor-widget-wrap elementor-element-populated\">\n\t\t\t\t\t\t\t\t<div class=\"elementor-element elementor-element-78b6c795 elementor-widget-divider--view-line elementor-widget elementor-widget-divider\" data-id=\"78b6c795\" data-element_type=\"widget\" data-widget_type=\"divider.default\">\n\t\t\t\t<div class=\"elementor-widget-container\">\n\t\t\t\t\t<div class=\"elementor-divider\">\n\t\t\t<span class=\"elementor-divider-separator\">\n\t\t\t\t\t\t<\/span>\n\t\t<\/div>\n\t\t\t\t<\/div>\n\t\t\t\t<\/div>\n\t\t\t\t<section class=\"elementor-section elementor-inner-section elementor-element elementor-element-7bb9b92 elementor-section-boxed elementor-section-height-default elementor-section-height-default parallax_section_no qode_elementor_container_no\" data-id=\"7bb9b92\" data-element_type=\"section\" data-settings=\"{&quot;background_background&quot;:&quot;classic&quot;}\">\n\t\t\t\t\t\t<div class=\"elementor-container elementor-column-gap-default\">\n\t\t\t\t\t<div class=\"elementor-column elementor-col-100 elementor-inner-column elementor-element elementor-element-73cdcbd\" data-id=\"73cdcbd\" data-element_type=\"column\" data-settings=\"{&quot;background_background&quot;:&quot;classic&quot;}\">\n\t\t\t<div class=\"elementor-widget-wrap elementor-element-populated\">\n\t\t\t\t\t\t\t\t<div class=\"elementor-element elementor-element-5cfeb82 elementor-widget elementor-widget-heading\" data-id=\"5cfeb82\" data-element_type=\"widget\" data-widget_type=\"heading.default\">\n\t\t\t\t<div class=\"elementor-widget-container\">\n\t\t\t<h2 class=\"elementor-heading-title elementor-size-default\">Orthop\u00e4die<\/h2>\t\t<\/div>\n\t\t\t\t<\/div>\n\t\t\t\t\t<\/div>\n\t\t<\/div>\n\t\t\t\t\t\t\t<\/div>\n\t\t<\/section>\n\t\t\t\t<section class=\"elementor-section elementor-inner-section elementor-element elementor-element-c13d116 elementor-section-boxed elementor-section-height-default elementor-section-height-default parallax_section_no qode_elementor_container_no\" data-id=\"c13d116\" data-element_type=\"section\">\n\t\t\t\t\t\t<div class=\"elementor-container elementor-column-gap-default\">\n\t\t\t\t\t<div class=\"elementor-column elementor-col-50 elementor-inner-column elementor-element elementor-element-8e86860\" data-id=\"8e86860\" data-element_type=\"column\">\n\t\t\t<div class=\"elementor-widget-wrap elementor-element-populated\">\n\t\t\t\t\t\t\t\t<div class=\"elementor-element elementor-element-8f1032d elementor-position-left elementor-view-default elementor-vertical-align-top elementor-widget elementor-widget-icon-box\" data-id=\"8f1032d\" data-element_type=\"widget\" data-widget_type=\"icon-box.default\">\n\t\t\t\t<div class=\"elementor-widget-container\">\n\t\t\t\t\t<div class=\"elementor-icon-box-wrapper\">\n\t\t\t\t\t\t<div class=\"elementor-icon-box-icon\">\n\t\t\t\t<span class=\"elementor-icon elementor-animation-\" >\n\t\t\t\t<i aria-hidden=\"true\" class=\"fas fa-caret-right\"><\/i>\t\t\t\t<\/span>\n\t\t\t<\/div>\n\t\t\t\t\t\t<div class=\"elementor-icon-box-content\">\n\t\t\t\t<h3 class=\"elementor-icon-box-title\">\n\t\t\t\t\t<span >Operative und konservative Arthrose-Therapie<\/span>\n\t\t\t\t<\/h3>\n\t\t\t\t\t\t\t<\/div>\n\t\t<\/div>\n\t\t\t\t<\/div>\n\t\t\t\t<\/div>\n\t\t\t\t\t<\/div>\n\t\t<\/div>\n\t\t\t\t<div class=\"elementor-column elementor-col-50 elementor-inner-column elementor-element elementor-element-6f61224\" data-id=\"6f61224\" data-element_type=\"column\">\n\t\t\t<div class=\"elementor-widget-wrap elementor-element-populated\">\n\t\t\t\t\t\t\t\t<div class=\"elementor-element elementor-element-cc4eb5f elementor-position-left elementor-view-default elementor-vertical-align-top elementor-widget elementor-widget-icon-box\" data-id=\"cc4eb5f\" data-element_type=\"widget\" data-widget_type=\"icon-box.default\">\n\t\t\t\t<div class=\"elementor-widget-container\">\n\t\t\t\t\t<div class=\"elementor-icon-box-wrapper\">\n\t\t\t\t\t\t<div class=\"elementor-icon-box-icon\">\n\t\t\t\t<span class=\"elementor-icon elementor-animation-\" >\n\t\t\t\t<i aria-hidden=\"true\" class=\"fas fa-caret-right\"><\/i>\t\t\t\t<\/span>\n\t\t\t<\/div>\n\t\t\t\t\t\t<div class=\"elementor-icon-box-content\">\n\t\t\t\t<h3 class=\"elementor-icon-box-title\">\n\t\t\t\t\t<span >Gelenkultraschall, Sto\u00dfwellen-Therapie<\/span>\n\t\t\t\t<\/h3>\n\t\t\t\t\t\t\t<\/div>\n\t\t<\/div>\n\t\t\t\t<\/div>\n\t\t\t\t<\/div>\n\t\t\t\t\t<\/div>\n\t\t<\/div>\n\t\t\t\t\t\t\t<\/div>\n\t\t<\/section>\n\t\t\t\t<section class=\"elementor-section elementor-inner-section elementor-element elementor-element-6b7df17 elementor-section-boxed elementor-section-height-default elementor-section-height-default parallax_section_no qode_elementor_container_no\" data-id=\"6b7df17\" data-element_type=\"section\">\n\t\t\t\t\t\t<div class=\"elementor-container elementor-column-gap-default\">\n\t\t\t\t\t<div class=\"elementor-column elementor-col-50 elementor-inner-column elementor-element elementor-element-76ddfc0\" data-id=\"76ddfc0\" data-element_type=\"column\">\n\t\t\t<div class=\"elementor-widget-wrap elementor-element-populated\">\n\t\t\t\t\t\t\t\t<div class=\"elementor-element elementor-element-5175a89 elementor-position-left elementor-view-default elementor-vertical-align-top elementor-widget elementor-widget-icon-box\" data-id=\"5175a89\" data-element_type=\"widget\" data-widget_type=\"icon-box.default\">\n\t\t\t\t<div class=\"elementor-widget-container\">\n\t\t\t\t\t<div class=\"elementor-icon-box-wrapper\">\n\t\t\t\t\t\t<div class=\"elementor-icon-box-icon\">\n\t\t\t\t<span class=\"elementor-icon elementor-animation-\" >\n\t\t\t\t<i aria-hidden=\"true\" class=\"fas fa-caret-right\"><\/i>\t\t\t\t<\/span>\n\t\t\t<\/div>\n\t\t\t\t\t\t<div class=\"elementor-icon-box-content\">\n\t\t\t\t<h3 class=\"elementor-icon-box-title\">\n\t\t\t\t\t<span >Knochendichtenmessung<\/span>\n\t\t\t\t<\/h3>\n\t\t\t\t\t\t\t<\/div>\n\t\t<\/div>\n\t\t\t\t<\/div>\n\t\t\t\t<\/div>\n\t\t\t\t\t<\/div>\n\t\t<\/div>\n\t\t\t\t<div class=\"elementor-column elementor-col-50 elementor-inner-column elementor-element elementor-element-9f11a17\" data-id=\"9f11a17\" data-element_type=\"column\">\n\t\t\t<div class=\"elementor-widget-wrap elementor-element-populated\">\n\t\t\t\t\t\t\t\t<div class=\"elementor-element elementor-element-8108a89 elementor-position-left elementor-view-default elementor-vertical-align-top elementor-widget elementor-widget-icon-box\" data-id=\"8108a89\" data-element_type=\"widget\" data-widget_type=\"icon-box.default\">\n\t\t\t\t<div class=\"elementor-widget-container\">\n\t\t\t\t\t<div class=\"elementor-icon-box-wrapper\">\n\t\t\t\t\t\t<div class=\"elementor-icon-box-icon\">\n\t\t\t\t<span class=\"elementor-icon elementor-animation-\" >\n\t\t\t\t<i aria-hidden=\"true\" class=\"fas fa-caret-right\"><\/i>\t\t\t\t<\/span>\n\t\t\t<\/div>\n\t\t\t\t\t\t<div class=\"elementor-icon-box-content\">\n\t\t\t\t<h3 class=\"elementor-icon-box-title\">\n\t\t\t\t\t<span >Heil- und Hilfsmittelversorgung<\/span>\n\t\t\t\t<\/h3>\n\t\t\t\t\t\t\t<\/div>\n\t\t<\/div>\n\t\t\t\t<\/div>\n\t\t\t\t<\/div>\n\t\t\t\t\t<\/div>\n\t\t<\/div>\n\t\t\t\t\t\t\t<\/div>\n\t\t<\/section>\n\t\t\t\t<section class=\"elementor-section elementor-inner-section elementor-element elementor-element-3c2eb3a8 elementor-section-full_width elementor-section-height-default elementor-section-height-default parallax_section_no qode_elementor_container_no\" data-id=\"3c2eb3a8\" data-element_type=\"section\">\n\t\t\t\t\t\t<div class=\"elementor-container elementor-column-gap-default\">\n\t\t\t\t\t<div class=\"elementor-column elementor-col-50 elementor-inner-column elementor-element elementor-element-28a04cd9 elementor-invisible\" data-id=\"28a04cd9\" data-element_type=\"column\" data-settings=\"{&quot;animation&quot;:&quot;fadeInLeft&quot;}\">\n\t\t\t<div class=\"elementor-widget-wrap elementor-element-populated\">\n\t\t\t\t\t\t\t\t<div class=\"elementor-element elementor-element-6312c4c8 elementor-widget elementor-widget-image\" data-id=\"6312c4c8\" data-element_type=\"widget\" data-widget_type=\"image.default\">\n\t\t\t\t<div class=\"elementor-widget-container\">\n\t\t\t\t\t\t\t\t\t\t\t\t\t\t\t<img width=\"1300\" height=\"1300\" src=\"http:\/\/s659316339.online.de\/praxis-wardak\/wp-content\/uploads\/2021\/06\/Orthopa\u0308die_Praxis-Wardak-1300x1300.jpeg\" class=\"attachment-qi_addons_for_elementor_image_size_huge-square size-qi_addons_for_elementor_image_size_huge-square\" alt=\"\" loading=\"lazy\" srcset=\"http:\/\/s659316339.online.de\/praxis-wardak\/wp-content\/uploads\/2021\/06\/Orthopa\u0308die_Praxis-Wardak-1300x1300.jpeg 1300w, http:\/\/s659316339.online.de\/praxis-wardak\/wp-content\/uploads\/2021\/06\/Orthopa\u0308die_Praxis-Wardak-80x80.jpeg 80w, http:\/\/s659316339.online.de\/praxis-wardak\/wp-content\/uploads\/2021\/06\/Orthopa\u0308die_Praxis-Wardak-570x570.jpeg 570w, http:\/\/s659316339.online.de\/praxis-wardak\/wp-content\/uploads\/2021\/06\/Orthopa\u0308die_Praxis-Wardak-500x500.jpeg 500w, http:\/\/s659316339.online.de\/praxis-wardak\/wp-content\/uploads\/2021\/06\/Orthopa\u0308die_Praxis-Wardak-1000x1000.jpeg 1000w, http:\/\/s659316339.online.de\/praxis-wardak\/wp-content\/uploads\/2021\/06\/Orthopa\u0308die_Praxis-Wardak-650x650.jpeg 650w\" sizes=\"(max-width: 1300px) 100vw, 1300px\" \/>\t\t\t\t\t\t\t\t\t\t\t\t\t\t\t<\/div>\n\t\t\t\t<\/div>\n\t\t\t\t\t<\/div>\n\t\t<\/div>\n\t\t\t\t<div class=\"elementor-column elementor-col-50 elementor-inner-column elementor-element elementor-element-2e785ac4 elementor-invisible\" data-id=\"2e785ac4\" data-element_type=\"column\" data-settings=\"{&quot;background_background&quot;:&quot;classic&quot;,&quot;animation&quot;:&quot;fadeInRight&quot;}\">\n\t\t\t<div class=\"elementor-widget-wrap elementor-element-populated\">\n\t\t\t\t\t\t\t\t<div class=\"elementor-element elementor-element-3d463346 elementor-widget elementor-widget-heading\" data-id=\"3d463346\" data-element_type=\"widget\" data-widget_type=\"heading.default\">\n\t\t\t\t<div class=\"elementor-widget-container\">\n\t\t\t<h3 class=\"elementor-heading-title elementor-size-default\">Konservative Orthop\u00e4die\n<\/h3>\t\t<\/div>\n\t\t\t\t<\/div>\n\t\t\t\t<div class=\"elementor-element elementor-element-26922b4a elementor-widget elementor-widget-text-editor\" data-id=\"26922b4a\" data-element_type=\"widget\" data-widget_type=\"text-editor.default\">\n\t\t\t\t<div class=\"elementor-widget-container\">\n\t\t\t\t\t\t\t\t<p>Der Kernpunkt der konservativen Orthop\u00e4die bildet die Diagnostik und Therapie von Funktionsst\u00f6rungen und Schmerzzust\u00e4nden am Bewegungsapparat, welche zu einer massiven Beeintr\u00e4chtigung im Alltag f\u00fchren.<\/p><p>\u00a0<\/p><p>Die vielf\u00e4ltigen Therapiem\u00f6glichkeiten auf dem Gebiet der konservativen Orthop\u00e4die stellen nicht selten eine absolute Alternative zu den g\u00e4ngigen operativen Verfahren dar.<\/p><p>\u00a0<\/p><p>Die Einbindung des Patienten in das geplante Vorgehen (Diagnostik und Therapie) ist der Hauptpfeiler meiner Praxist\u00e4tigkeit. Nach erfolgter Diagnostik gehe ich alle Behandlungsm\u00f6glichkeiten mit meinen Patienten detailliert durch, welche das gesamte soziale Umfeld und die M\u00f6glichkeit der Durchf\u00fchrbarkeit einer Therapie ber\u00fccksichtigt.<\/p>\t\t\t\t\t\t<\/div>\n\t\t\t\t<\/div>\n\t\t\t\t\t<\/div>\n\t\t<\/div>\n\t\t\t\t\t\t\t<\/div>\n\t\t<\/section>\n\t\t\t\t<section class=\"elementor-section elementor-inner-section elementor-element elementor-element-6057216 elementor-section-full_width elementor-section-height-default elementor-section-height-default parallax_section_no qode_elementor_container_no\" data-id=\"6057216\" data-element_type=\"section\">\n\t\t\t\t\t\t<div class=\"elementor-container elementor-column-gap-default\">\n\t\t\t\t\t<div class=\"elementor-column elementor-col-50 elementor-inner-column elementor-element elementor-element-e0e1aba elementor-invisible\" data-id=\"e0e1aba\" data-element_type=\"column\" data-settings=\"{&quot;background_background&quot;:&quot;classic&quot;,&quot;animation&quot;:&quot;fadeInRight&quot;}\">\n\t\t\t<div class=\"elementor-widget-wrap elementor-element-populated\">\n\t\t\t\t\t\t\t\t<div class=\"elementor-element elementor-element-14d0ab59 elementor-widget elementor-widget-heading\" data-id=\"14d0ab59\" data-element_type=\"widget\" data-widget_type=\"heading.default\">\n\t\t\t\t<div class=\"elementor-widget-container\">\n\t\t\t<h3 class=\"elementor-heading-title elementor-size-default\">Multimodaler Ansatz<\/h3>\t\t<\/div>\n\t\t\t\t<\/div>\n\t\t\t\t<div class=\"elementor-element elementor-element-7cbd333 elementor-widget elementor-widget-text-editor\" data-id=\"7cbd333\" data-element_type=\"widget\" data-widget_type=\"text-editor.default\">\n\t\t\t\t<div class=\"elementor-widget-container\">\n\t\t\t\t\t\t\t\t<p>Unter multimodaler Therapie-Methoden versteht man die parallele Nutzung unterschiedlicher Therapiem\u00f6glichkeiten zur einer deutlich besseren Linderung der Beschwerden.<\/p><p>Zur multimodalen Therapiemethoden geh\u00f6ren unterschiedliche Therapiebausteine.<\/p><p>Einigen Beispiele sind:<\/p>\t\t\t\t\t\t<\/div>\n\t\t\t\t<\/div>\n\t\t\t\t<div class=\"elementor-element elementor-element-7a4d02c elementor-widget elementor-widget-bridge_unordered_list\" data-id=\"7a4d02c\" data-element_type=\"widget\" data-widget_type=\"bridge_unordered_list.default\">\n\t\t\t\t<div class=\"elementor-widget-container\">\n\t\t\t<div class='q_list circle'><ul><li><p><strong>Interdisziplin\u00e4res Therapie<\/strong><br \/>Bei Bedarf werden \u00c4rzte verschiedener Fachrichtungen bei der Behandlung des Patienten einbezogen.<\/p><\/li><li><strong>Medikament\u00f6se Therapie<\/strong><\/li><li><strong>Krankengymnastik, physikalische Therapie, Manuelle Medizin, Medizinische Trainingstherapie.<\/strong><\/li><li><p align=\"justify\"><strong>Interventionelle Therapie-Methoden mit Injektionen an Gelenken, Wirbels\u00e4ule und Nervenbahnen unter bildgebender Kontrolle<\/strong><\/p><\/li><\/ul><\/div>\t\t<\/div>\n\t\t\t\t<\/div>\n\t\t\t\t\t<\/div>\n\t\t<\/div>\n\t\t\t\t<div class=\"elementor-column elementor-col-50 elementor-inner-column elementor-element elementor-element-fc91f71 elementor-invisible\" data-id=\"fc91f71\" data-element_type=\"column\" data-settings=\"{&quot;animation&quot;:&quot;fadeInLeft&quot;}\">\n\t\t\t<div class=\"elementor-widget-wrap elementor-element-populated\">\n\t\t\t\t\t\t\t\t<div class=\"elementor-element elementor-element-c9c04ca elementor-widget elementor-widget-image\" data-id=\"c9c04ca\" data-element_type=\"widget\" data-widget_type=\"image.default\">\n\t\t\t\t<div class=\"elementor-widget-container\">\n\t\t\t\t\t\t\t\t\t\t\t\t\t\t\t<img width=\"1000\" height=\"667\" src=\"http:\/\/s659316339.online.de\/praxis-wardak\/wp-content\/uploads\/2021\/06\/AdobeStock_88262248_Preview.jpeg\" class=\"attachment-qi_addons_for_elementor_image_size_huge-square size-qi_addons_for_elementor_image_size_huge-square\" alt=\"\" loading=\"lazy\" srcset=\"http:\/\/s659316339.online.de\/praxis-wardak\/wp-content\/uploads\/2021\/06\/AdobeStock_88262248_Preview.jpeg 1000w, http:\/\/s659316339.online.de\/praxis-wardak\/wp-content\/uploads\/2021\/06\/AdobeStock_88262248_Preview-300x200.jpeg 300w, http:\/\/s659316339.online.de\/praxis-wardak\/wp-content\/uploads\/2021\/06\/AdobeStock_88262248_Preview-768x512.jpeg 768w, http:\/\/s659316339.online.de\/praxis-wardak\/wp-content\/uploads\/2021\/06\/AdobeStock_88262248_Preview-700x467.jpeg 700w\" sizes=\"(max-width: 1000px) 100vw, 1000px\" \/>\t\t\t\t\t\t\t\t\t\t\t\t\t\t\t<\/div>\n\t\t\t\t<\/div>\n\t\t\t\t\t<\/div>\n\t\t<\/div>\n\t\t\t\t\t\t\t<\/div>\n\t\t<\/section>\n\t\t\t\t<section class=\"elementor-section elementor-inner-section elementor-element elementor-element-96f8c60 elementor-section-full_width elementor-section-height-default elementor-section-height-default parallax_section_no qode_elementor_container_no\" data-id=\"96f8c60\" data-element_type=\"section\">\n\t\t\t\t\t\t<div class=\"elementor-container elementor-column-gap-default\">\n\t\t\t\t\t<div class=\"elementor-column elementor-col-50 elementor-inner-column elementor-element elementor-element-893d9fa elementor-invisible\" data-id=\"893d9fa\" data-element_type=\"column\" data-settings=\"{&quot;animation&quot;:&quot;fadeInLeft&quot;}\">\n\t\t\t<div class=\"elementor-widget-wrap elementor-element-populated\">\n\t\t\t\t\t\t\t\t<div class=\"elementor-element elementor-element-cd0ed7a elementor-widget elementor-widget-image\" data-id=\"cd0ed7a\" data-element_type=\"widget\" data-widget_type=\"image.default\">\n\t\t\t\t<div class=\"elementor-widget-container\">\n\t\t\t\t\t\t\t\t\t\t\t\t\t\t\t<img width=\"1000\" height=\"667\" src=\"http:\/\/s659316339.online.de\/praxis-wardak\/wp-content\/uploads\/2021\/06\/AdobeStock_101234530_Preview.jpeg\" class=\"attachment-qi_addons_for_elementor_image_size_huge-square size-qi_addons_for_elementor_image_size_huge-square\" alt=\"\" loading=\"lazy\" srcset=\"http:\/\/s659316339.online.de\/praxis-wardak\/wp-content\/uploads\/2021\/06\/AdobeStock_101234530_Preview.jpeg 1000w, http:\/\/s659316339.online.de\/praxis-wardak\/wp-content\/uploads\/2021\/06\/AdobeStock_101234530_Preview-300x200.jpeg 300w, http:\/\/s659316339.online.de\/praxis-wardak\/wp-content\/uploads\/2021\/06\/AdobeStock_101234530_Preview-768x512.jpeg 768w, http:\/\/s659316339.online.de\/praxis-wardak\/wp-content\/uploads\/2021\/06\/AdobeStock_101234530_Preview-700x467.jpeg 700w\" sizes=\"(max-width: 1000px) 100vw, 1000px\" \/>\t\t\t\t\t\t\t\t\t\t\t\t\t\t\t<\/div>\n\t\t\t\t<\/div>\n\t\t\t\t\t<\/div>\n\t\t<\/div>\n\t\t\t\t<div class=\"elementor-column elementor-col-50 elementor-inner-column elementor-element elementor-element-0628728 elementor-invisible\" data-id=\"0628728\" data-element_type=\"column\" data-settings=\"{&quot;background_background&quot;:&quot;classic&quot;,&quot;animation&quot;:&quot;fadeInRight&quot;}\">\n\t\t\t<div class=\"elementor-widget-wrap elementor-element-populated\">\n\t\t\t\t\t\t\t\t<div class=\"elementor-element elementor-element-65ab3b5 elementor-widget elementor-widget-heading\" data-id=\"65ab3b5\" data-element_type=\"widget\" data-widget_type=\"heading.default\">\n\t\t\t\t<div class=\"elementor-widget-container\">\n\t\t\t<h3 class=\"elementor-heading-title elementor-size-default\">Orthop\u00e4dische Einlagen<\/h3>\t\t<\/div>\n\t\t\t\t<\/div>\n\t\t\t\t<div class=\"elementor-element elementor-element-4efb7c5 elementor-widget elementor-widget-text-editor\" data-id=\"4efb7c5\" data-element_type=\"widget\" data-widget_type=\"text-editor.default\">\n\t\t\t\t<div class=\"elementor-widget-container\">\n\t\t\t\t\t\t\t\t<p>Fu\u00dfbeschwerden treten bei fast 70 aller Erwachsenen vor, die zu Fehlstellungen f\u00fchren, welche das Tragen von Einlagen notwendig machen k\u00f6nnen.<\/p><p>\u00a0<\/p><p>Die Beschwerden weiten sich im Laufe des Leben auf benachbarte Organe bis zur oberen Wirbels\u00e4ule mit konsekutiver Fehlhaltung derselben.<\/p><p>\u00a0<\/p><p>Um Haltungsfehler auszugleichen und physiologische Bewegungsmuster zu bahnen, werden Einlagen zur Unterst\u00fctzung und F\u00fchrung der F\u00fc\u00dfe eingesetzt.<\/p><p>\u00a0<\/p><p>Im Kindesalter f\u00fchrt das Tragen von Einlagen nicht nur zur Schmerzlinderung, sondern auch zur Korrektur etwaige Deformit\u00e4ten, welche im erwachsenen Alter schwer zu korrigieren sind.<\/p>\t\t\t\t\t\t<\/div>\n\t\t\t\t<\/div>\n\t\t\t\t\t<\/div>\n\t\t<\/div>\n\t\t\t\t\t\t\t<\/div>\n\t\t<\/section>\n\t\t\t\t\t<\/div>\n\t\t<\/div>\n\t\t\t\t\t\t\t<\/div>\n\t\t<\/section>\n\t\t\t\t\t\t<\/div>\n\t\t\t\t\t<\/div>\n\t\t","protected":false},"excerpt":{"rendered":"<p>Orthop\u00e4die Operative und konservative Arthrose-Therapie Gelenkultraschall, Sto\u00dfwellen-Therapie Knochendichtenmessung Heil- und Hilfsmittelversorgung Konservative Orthop\u00e4die Der Kernpunkt der konservativen Orthop\u00e4die bildet die Diagnostik und Therapie von Funktionsst\u00f6rungen und Schmerzzust\u00e4nden am Bewegungsapparat, welche zu einer massiven Beeintr\u00e4chtigung im Alltag f\u00fchren. \u00a0 Die vielf\u00e4ltigen Therapiem\u00f6glichkeiten auf dem Gebiet der&#8230;<\/p>\n","protected":false},"author":1,"featured_media":0,"parent":0,"menu_order":0,"comment_status":"closed","ping_status":"closed","template":"","meta":[],"_links":{"self":[{"href":"http:\/\/s659316339.online.de\/praxis-wardak\/wp-json\/wp\/v2\/pages\/1204"}],"collection":[{"href":"http:\/\/s659316339.online.de\/praxis-wardak\/wp-json\/wp\/v2\/pages"}],"about":[{"href":"http:\/\/s659316339.online.de\/praxis-wardak\/wp-json\/wp\/v2\/types\/page"}],"author":[{"embeddable":true,"href":"http:\/\/s659316339.online.de\/praxis-wardak\/wp-json\/wp\/v2\/users\/1"}],"replies":[{"embeddable":true,"href":"http:\/\/s659316339.online.de\/praxis-wardak\/wp-json\/wp\/v2\/comments?post=1204"}],"version-history":[{"count":61,"href":"http:\/\/s659316339.online.de\/praxis-wardak\/wp-json\/wp\/v2\/pages\/1204\/revisions"}],"predecessor-version":[{"id":1270,"href":"http:\/\/s659316339.online.de\/praxis-wardak\/wp-json\/wp\/v2\/pages\/1204\/revisions\/1270"}],"wp:attachment":[{"href":"http:\/\/s659316339.online.de\/praxis-wardak\/wp-json\/wp\/v2\/media?parent=1204"}],"curies":[{"name":"wp","href":"https:\/\/api.w.org\/{rel}","templated":true}]}}