{"id":1271,"date":"2021-06-22T08:53:24","date_gmt":"2021-06-22T06:53:24","guid":{"rendered":"http:\/\/s659316339.online.de\/praxis-wardak\/?page_id=1271"},"modified":"2021-06-25T10:01:49","modified_gmt":"2021-06-25T08:01:49","slug":"chirurgie","status":"publish","type":"page","link":"http:\/\/s659316339.online.de\/praxis-wardak\/chirurgie\/","title":{"rendered":"Chirurgie"},"content":{"rendered":"\t\t<div data-elementor-type=\"wp-page\" data-elementor-id=\"1271\" class=\"elementor elementor-1271\" data-elementor-settings=\"[]\">\n\t\t\t\t\t\t\t<div class=\"elementor-section-wrap\">\n\t\t\t\t\t\t\t<section class=\"elementor-section elementor-top-section elementor-element elementor-element-4b1e87f1 elementor-section-boxed elementor-section-height-default elementor-section-height-default parallax_section_no qode_elementor_container_no\" data-id=\"4b1e87f1\" data-element_type=\"section\" data-settings=\"{&quot;background_background&quot;:&quot;classic&quot;}\">\n\t\t\t\t\t\t\t<div class=\"elementor-background-overlay\"><\/div>\n\t\t\t\t\t\t\t<div class=\"elementor-container elementor-column-gap-default\">\n\t\t\t\t\t<div class=\"elementor-column elementor-col-100 elementor-top-column elementor-element elementor-element-5ad344ad\" data-id=\"5ad344ad\" data-element_type=\"column\" data-settings=\"{&quot;background_background&quot;:&quot;classic&quot;}\">\n\t\t\t<div class=\"elementor-widget-wrap elementor-element-populated\">\n\t\t\t\t\t\t\t\t<div class=\"elementor-element elementor-element-4b38c40 elementor-widget elementor-widget-heading\" data-id=\"4b38c40\" data-element_type=\"widget\" data-widget_type=\"heading.default\">\n\t\t\t\t<div class=\"elementor-widget-container\">\n\t\t\t<h2 class=\"elementor-heading-title elementor-size-default\">Erfahrung! Zuverl\u00e4ssigkeit! Kompetenz!<\/h2>\t\t<\/div>\n\t\t\t\t<\/div>\n\t\t\t\t<div class=\"elementor-element elementor-element-78b6c795 elementor-widget-divider--view-line elementor-widget elementor-widget-divider\" data-id=\"78b6c795\" data-element_type=\"widget\" data-widget_type=\"divider.default\">\n\t\t\t\t<div class=\"elementor-widget-container\">\n\t\t\t\t\t<div class=\"elementor-divider\">\n\t\t\t<span class=\"elementor-divider-separator\">\n\t\t\t\t\t\t<\/span>\n\t\t<\/div>\n\t\t\t\t<\/div>\n\t\t\t\t<\/div>\n\t\t\t\t<section class=\"elementor-section elementor-inner-section elementor-element elementor-element-7bb9b92 elementor-section-boxed elementor-section-height-default elementor-section-height-default parallax_section_no qode_elementor_container_no\" data-id=\"7bb9b92\" data-element_type=\"section\" data-settings=\"{&quot;background_background&quot;:&quot;classic&quot;}\">\n\t\t\t\t\t\t<div class=\"elementor-container elementor-column-gap-default\">\n\t\t\t\t\t<div class=\"elementor-column elementor-col-100 elementor-inner-column elementor-element elementor-element-73cdcbd\" data-id=\"73cdcbd\" data-element_type=\"column\" data-settings=\"{&quot;background_background&quot;:&quot;classic&quot;}\">\n\t\t\t<div class=\"elementor-widget-wrap elementor-element-populated\">\n\t\t\t\t\t\t\t\t<div class=\"elementor-element elementor-element-5cfeb82 elementor-widget elementor-widget-heading\" data-id=\"5cfeb82\" data-element_type=\"widget\" data-widget_type=\"heading.default\">\n\t\t\t\t<div class=\"elementor-widget-container\">\n\t\t\t<h2 class=\"elementor-heading-title elementor-size-default\">Chirurgie<\/h2>\t\t<\/div>\n\t\t\t\t<\/div>\n\t\t\t\t\t<\/div>\n\t\t<\/div>\n\t\t\t\t\t\t\t<\/div>\n\t\t<\/section>\n\t\t\t\t<section class=\"elementor-section elementor-inner-section elementor-element elementor-element-6057216 elementor-section-full_width elementor-section-height-default elementor-section-height-default parallax_section_no qode_elementor_container_no\" data-id=\"6057216\" data-element_type=\"section\">\n\t\t\t\t\t\t<div class=\"elementor-container elementor-column-gap-default\">\n\t\t\t\t\t<div class=\"elementor-column elementor-col-50 elementor-inner-column elementor-element elementor-element-e0e1aba elementor-invisible\" data-id=\"e0e1aba\" data-element_type=\"column\" data-settings=\"{&quot;background_background&quot;:&quot;classic&quot;,&quot;animation&quot;:&quot;fadeInLeft&quot;}\">\n\t\t\t<div class=\"elementor-widget-wrap elementor-element-populated\">\n\t\t\t\t\t\t\t\t<div class=\"elementor-element elementor-element-14d0ab59 elementor-widget elementor-widget-heading\" data-id=\"14d0ab59\" data-element_type=\"widget\" data-widget_type=\"heading.default\">\n\t\t\t\t<div class=\"elementor-widget-container\">\n\t\t\t<h3 class=\"elementor-heading-title elementor-size-default\">Endoprothetik<\/h3>\t\t<\/div>\n\t\t\t\t<\/div>\n\t\t\t\t<div class=\"elementor-element elementor-element-7cbd333 elementor-widget elementor-widget-text-editor\" data-id=\"7cbd333\" data-element_type=\"widget\" data-widget_type=\"text-editor.default\">\n\t\t\t\t<div class=\"elementor-widget-container\">\n\t\t\t\t\t\t\t\t<p>Mit zunehmendem Alter, steigender Belastung, \u00dcbergewicht und Fehlstellungen der Beine, kommt es zu einer Abnutzung des Gelenkknorpels (Arthrose).<\/p><p>\u00a0<\/p><p>Sollte eine konservative Therapie zu keiner Beschwerdelinderung f\u00fchren, kann der Einsatz von Endprothesen in Erw\u00e4gung gezogen werden.<\/p><p>\u00a0<\/p><p>Vor jeder Operation erfolgt eine umfassende Diagnostik sowie eine computerunterst\u00fctzte pr\u00e4operative Planung. Der Allgemeinzustand der Patienten sowie das soziale Umfeld spielen hierbei eine unverzichtbare Rolle.<\/p><p>\u00a0<\/p><p>Die Operationen werden ausnahmslos station\u00e4r durchgef\u00fchrt. Der Krankenhausaufenthalt betr\u00e4gt durchschnittlich 7-8 Tage. Anschlie\u00dfend erfolgt die Weiterbetreuung im Rahmen einer station\u00e4ren Reha, welche in der Regel ca, 3 Wochen dauert.<\/p>\t\t\t\t\t\t<\/div>\n\t\t\t\t<\/div>\n\t\t\t\t\t<\/div>\n\t\t<\/div>\n\t\t\t\t<div class=\"elementor-column elementor-col-50 elementor-inner-column elementor-element elementor-element-39ab4c8\" data-id=\"39ab4c8\" data-element_type=\"column\">\n\t\t\t<div class=\"elementor-widget-wrap elementor-element-populated\">\n\t\t\t\t\t\t\t\t<div class=\"elementor-element elementor-element-f2cc658 elementor-skin-carousel elementor-arrows-yes elementor-pagination-type-bullets elementor-pagination-position-outside elementor-widget elementor-widget-media-carousel\" data-id=\"f2cc658\" data-element_type=\"widget\" data-settings=\"{&quot;effect&quot;:&quot;fade&quot;,&quot;autoplay_speed&quot;:3000,&quot;skin&quot;:&quot;carousel&quot;,&quot;show_arrows&quot;:&quot;yes&quot;,&quot;pagination&quot;:&quot;bullets&quot;,&quot;speed&quot;:500,&quot;autoplay&quot;:&quot;yes&quot;,&quot;loop&quot;:&quot;yes&quot;,&quot;pause_on_hover&quot;:&quot;yes&quot;,&quot;pause_on_interaction&quot;:&quot;yes&quot;,&quot;space_between&quot;:{&quot;unit&quot;:&quot;px&quot;,&quot;size&quot;:10,&quot;sizes&quot;:[]},&quot;space_between_tablet&quot;:{&quot;unit&quot;:&quot;px&quot;,&quot;size&quot;:10,&quot;sizes&quot;:[]},&quot;space_between_mobile&quot;:{&quot;unit&quot;:&quot;px&quot;,&quot;size&quot;:10,&quot;sizes&quot;:[]}}\" data-widget_type=\"media-carousel.default\">\n\t\t\t\t<div class=\"elementor-widget-container\">\n\t\t\t\t\t<div class=\"elementor-swiper\">\n\t\t\t<div class=\"elementor-main-swiper swiper-container\">\n\t\t\t\t<div class=\"swiper-wrapper\">\n\t\t\t\t\t\t\t\t\t\t\t<div class=\"swiper-slide\">\n\t\t\t\t\t\t\t\t\t<div class=\"elementor-carousel-image\" style=\"background-image: url(http:\/\/s659316339.online.de\/praxis-wardak\/wp-content\/uploads\/2021\/06\/AdobeStock_323347144_Preview.jpeg)\">\n\t\t\t\t\t<\/div>\n\t\t\t\t\t\t\t\t<\/div>\n\t\t\t\t\t\t\t\t\t\t\t<div class=\"swiper-slide\">\n\t\t\t\t\t\t\t\t\t<div class=\"elementor-carousel-image\" style=\"background-image: url(http:\/\/s659316339.online.de\/praxis-wardak\/wp-content\/uploads\/2021\/06\/AdobeStock_235528499_Preview.jpeg)\">\n\t\t\t\t\t<\/div>\n\t\t\t\t\t\t\t\t<\/div>\n\t\t\t\t\t\t\t\t\t\t\t<div class=\"swiper-slide\">\n\t\t\t\t\t\t\t\t\t<div class=\"elementor-carousel-image\" style=\"background-image: url(http:\/\/s659316339.online.de\/praxis-wardak\/wp-content\/uploads\/2021\/06\/AdobeStock_281192337_Preview.jpeg)\">\n\t\t\t\t\t<\/div>\n\t\t\t\t\t\t\t\t<\/div>\n\t\t\t\t\t\t\t\t\t<\/div>\n\t\t\t\t\t\t\t\t\t\t\t\t\t\t\t<div class=\"swiper-pagination\"><\/div>\n\t\t\t\t\t\t\t\t\t\t\t\t\t\t\t\t<div class=\"elementor-swiper-button elementor-swiper-button-prev\">\n\t\t\t\t\t\t\t<i class=\"eicon-chevron-left\" aria-hidden=\"true\"><\/i>\n\t\t\t\t\t\t\t<span class=\"elementor-screen-only\">Voriger<\/span>\n\t\t\t\t\t\t<\/div>\n\t\t\t\t\t\t<div class=\"elementor-swiper-button elementor-swiper-button-next\">\n\t\t\t\t\t\t\t<i class=\"eicon-chevron-right\" aria-hidden=\"true\"><\/i>\n\t\t\t\t\t\t\t<span class=\"elementor-screen-only\">N\u00e4chster<\/span>\n\t\t\t\t\t\t<\/div>\n\t\t\t\t\t\t\t\t\t\t\t\t<\/div>\n\t\t<\/div>\n\t\t\t\t<\/div>\n\t\t\t\t<\/div>\n\t\t\t\t\t<\/div>\n\t\t<\/div>\n\t\t\t\t\t\t\t<\/div>\n\t\t<\/section>\n\t\t\t\t<section class=\"elementor-section elementor-inner-section elementor-element elementor-element-b64ab63 elementor-section-full_width elementor-section-height-default elementor-section-height-default parallax_section_no qode_elementor_container_no\" data-id=\"b64ab63\" data-element_type=\"section\">\n\t\t\t\t\t\t<div class=\"elementor-container elementor-column-gap-default\">\n\t\t\t\t\t<div class=\"elementor-column elementor-col-50 elementor-inner-column elementor-element elementor-element-3210d8d\" data-id=\"3210d8d\" data-element_type=\"column\">\n\t\t\t<div class=\"elementor-widget-wrap elementor-element-populated\">\n\t\t\t\t\t\t\t\t<div class=\"elementor-element elementor-element-18e685b elementor-skin-carousel elementor-arrows-yes elementor-pagination-type-bullets elementor-pagination-position-outside elementor-widget elementor-widget-media-carousel\" data-id=\"18e685b\" data-element_type=\"widget\" data-settings=\"{&quot;effect&quot;:&quot;fade&quot;,&quot;autoplay_speed&quot;:3000,&quot;skin&quot;:&quot;carousel&quot;,&quot;show_arrows&quot;:&quot;yes&quot;,&quot;pagination&quot;:&quot;bullets&quot;,&quot;speed&quot;:500,&quot;autoplay&quot;:&quot;yes&quot;,&quot;loop&quot;:&quot;yes&quot;,&quot;pause_on_hover&quot;:&quot;yes&quot;,&quot;pause_on_interaction&quot;:&quot;yes&quot;,&quot;space_between&quot;:{&quot;unit&quot;:&quot;px&quot;,&quot;size&quot;:10,&quot;sizes&quot;:[]},&quot;space_between_tablet&quot;:{&quot;unit&quot;:&quot;px&quot;,&quot;size&quot;:10,&quot;sizes&quot;:[]},&quot;space_between_mobile&quot;:{&quot;unit&quot;:&quot;px&quot;,&quot;size&quot;:10,&quot;sizes&quot;:[]}}\" data-widget_type=\"media-carousel.default\">\n\t\t\t\t<div class=\"elementor-widget-container\">\n\t\t\t\t\t<div class=\"elementor-swiper\">\n\t\t\t<div class=\"elementor-main-swiper swiper-container\">\n\t\t\t\t<div class=\"swiper-wrapper\">\n\t\t\t\t\t\t\t\t\t\t\t<div class=\"swiper-slide\">\n\t\t\t\t\t\t\t\t\t<div class=\"elementor-carousel-image\" style=\"background-image: url(http:\/\/s659316339.online.de\/praxis-wardak\/wp-content\/uploads\/2021\/06\/AdobeStock_242419962_Preview.jpeg)\">\n\t\t\t\t\t<\/div>\n\t\t\t\t\t\t\t\t<\/div>\n\t\t\t\t\t\t\t\t\t\t\t<div class=\"swiper-slide\">\n\t\t\t\t\t\t\t\t\t<div class=\"elementor-carousel-image\" style=\"background-image: url(http:\/\/s659316339.online.de\/praxis-wardak\/wp-content\/uploads\/2021\/06\/AdobeStock_92978522_Preview.jpeg)\">\n\t\t\t\t\t<\/div>\n\t\t\t\t\t\t\t\t<\/div>\n\t\t\t\t\t\t\t\t\t\t\t<div class=\"swiper-slide\">\n\t\t\t\t\t\t\t\t\t<div class=\"elementor-carousel-image\" style=\"background-image: url(http:\/\/s659316339.online.de\/praxis-wardak\/wp-content\/uploads\/2021\/06\/AdobeStock_27099499_Preview.jpeg)\">\n\t\t\t\t\t<\/div>\n\t\t\t\t\t\t\t\t<\/div>\n\t\t\t\t\t\t\t\t\t<\/div>\n\t\t\t\t\t\t\t\t\t\t\t\t\t\t\t<div class=\"swiper-pagination\"><\/div>\n\t\t\t\t\t\t\t\t\t\t\t\t\t\t\t\t<div class=\"elementor-swiper-button elementor-swiper-button-prev\">\n\t\t\t\t\t\t\t<i class=\"eicon-chevron-left\" aria-hidden=\"true\"><\/i>\n\t\t\t\t\t\t\t<span class=\"elementor-screen-only\">Voriger<\/span>\n\t\t\t\t\t\t<\/div>\n\t\t\t\t\t\t<div class=\"elementor-swiper-button elementor-swiper-button-next\">\n\t\t\t\t\t\t\t<i class=\"eicon-chevron-right\" aria-hidden=\"true\"><\/i>\n\t\t\t\t\t\t\t<span class=\"elementor-screen-only\">N\u00e4chster<\/span>\n\t\t\t\t\t\t<\/div>\n\t\t\t\t\t\t\t\t\t\t\t\t<\/div>\n\t\t<\/div>\n\t\t\t\t<\/div>\n\t\t\t\t<\/div>\n\t\t\t\t\t<\/div>\n\t\t<\/div>\n\t\t\t\t<div class=\"elementor-column elementor-col-50 elementor-inner-column elementor-element elementor-element-224ae2f elementor-invisible\" data-id=\"224ae2f\" data-element_type=\"column\" data-settings=\"{&quot;background_background&quot;:&quot;classic&quot;,&quot;animation&quot;:&quot;fadeInRight&quot;}\">\n\t\t\t<div class=\"elementor-widget-wrap elementor-element-populated\">\n\t\t\t\t\t\t\t\t<div class=\"elementor-element elementor-element-00472ad elementor-widget elementor-widget-heading\" data-id=\"00472ad\" data-element_type=\"widget\" data-widget_type=\"heading.default\">\n\t\t\t\t<div class=\"elementor-widget-container\">\n\t\t\t<h3 class=\"elementor-heading-title elementor-size-default\">Arthroskopische Operationen<\/h3>\t\t<\/div>\n\t\t\t\t<\/div>\n\t\t\t\t<div class=\"elementor-element elementor-element-1e5f6a7 elementor-widget elementor-widget-text-editor\" data-id=\"1e5f6a7\" data-element_type=\"widget\" data-widget_type=\"text-editor.default\">\n\t\t\t\t<div class=\"elementor-widget-container\">\n\t\t\t\t\t\t\t\t<p>Ein uralter Wunsch ist der Menschheit ist es, mit einer kleinstm\u00f6glichen Handlung einen maximal m\u00f6glichen Erfolg zu erzielen. Dieser Wunsch hat vor allem in der heutigen Medizin zu unglaublichen Fortgeschritten gef\u00fchrt. Ein Paradebeispiel hierf\u00fcr ist die Arthroskopie (Schl\u00fcsselloch-Chirurgie).<\/p><p>\u00a0<\/p><p>Es handelt es sich hierbei eine Form der Untersuchung und Therapie eines Gelenks. \u00dcber kleine Hautschnitte (Arthrotomie) ein sogenanntes Arthroskop sowie Arbeitsinstrumente in das Gelenk eingef\u00fchrt.<\/p><p>\u00a0<\/p><p>So k\u00f6nnen Sch\u00e4den und Verletzungen gleich nach ihrer Diagnose behandelt werden.<\/p><p>\u00a0<\/p><p>Wir f\u00fchren die Arthroskopie bis auf wenigen Ausnahmen ambulant in Vollnarkose durch.<\/p><p>\u00a0<\/p><p>Die wichtigsten Einsatzgebiete der Arthroskopie sind:<\/p>\t\t\t\t\t\t<\/div>\n\t\t\t\t<\/div>\n\t\t\t\t<div class=\"elementor-element elementor-element-666c20f elementor-widget elementor-widget-bridge_unordered_list\" data-id=\"666c20f\" data-element_type=\"widget\" data-widget_type=\"bridge_unordered_list.default\">\n\t\t\t\t<div class=\"elementor-widget-container\">\n\t\t\t<div class='q_list circle'><ul><li><strong>Knorpelsch\u00e4den <\/strong><\/li><li><strong> Meniskussch\u00e4den <\/strong><\/li><li><strong>B\u00e4nder: Kreuzband, Seitenband<\/strong><\/li><li><strong>Sch\u00e4den an der Kniescheibe<\/strong><\/li><li><strong>Pathologische Ver\u00e4nderungen an Gelenkschleimhaut<\/strong><\/li><\/ul><\/div>\t\t<\/div>\n\t\t\t\t<\/div>\n\t\t\t\t\t<\/div>\n\t\t<\/div>\n\t\t\t\t\t\t\t<\/div>\n\t\t<\/section>\n\t\t\t\t<section class=\"elementor-section elementor-inner-section elementor-element elementor-element-e43d775 elementor-section-full_width elementor-section-height-default elementor-section-height-default parallax_section_no qode_elementor_container_no\" data-id=\"e43d775\" data-element_type=\"section\">\n\t\t\t\t\t\t<div class=\"elementor-container elementor-column-gap-default\">\n\t\t\t\t\t<div class=\"elementor-column elementor-col-50 elementor-inner-column elementor-element elementor-element-e9b59fa elementor-invisible\" data-id=\"e9b59fa\" data-element_type=\"column\" data-settings=\"{&quot;background_background&quot;:&quot;classic&quot;,&quot;animation&quot;:&quot;fadeInLeft&quot;}\">\n\t\t\t<div class=\"elementor-widget-wrap elementor-element-populated\">\n\t\t\t\t\t\t\t\t<div class=\"elementor-element elementor-element-46dbf89 elementor-widget elementor-widget-heading\" data-id=\"46dbf89\" data-element_type=\"widget\" data-widget_type=\"heading.default\">\n\t\t\t\t<div class=\"elementor-widget-container\">\n\t\t\t<h3 class=\"elementor-heading-title elementor-size-default\">Weichteil- und Hautchirurgie (Allgemeinchirurgie)<\/h3>\t\t<\/div>\n\t\t\t\t<\/div>\n\t\t\t\t<div class=\"elementor-element elementor-element-5f9fd7e elementor-widget elementor-widget-text-editor\" data-id=\"5f9fd7e\" data-element_type=\"widget\" data-widget_type=\"text-editor.default\">\n\t\t\t\t<div class=\"elementor-widget-container\">\n\t\t\t\t\t\t\t\t<p>In der Weichteil- und Hautchirurgie werden gut- und nichtgutartige Ver\u00e4nderungen (z. B. Tumore oder Geschw\u00fcre) behandelt. Das entfernte Gewebe wird ausnahmslos histologisch untersucht.<\/p><p>\u00a0<\/p><p>Die Behandlung von Wunden und Abszessen aller oberfl\u00e4chlichen K\u00f6rperregionen geh\u00f6ren Weichteilchirurgie und kann von uns ambulant durchgef\u00fchrt werden.<\/p>\t\t\t\t\t\t<\/div>\n\t\t\t\t<\/div>\n\t\t\t\t\t<\/div>\n\t\t<\/div>\n\t\t\t\t<div class=\"elementor-column elementor-col-50 elementor-inner-column elementor-element elementor-element-18fc198\" data-id=\"18fc198\" data-element_type=\"column\">\n\t\t\t<div class=\"elementor-widget-wrap\">\n\t\t\t\t\t\t\t\t\t<\/div>\n\t\t<\/div>\n\t\t\t\t\t\t\t<\/div>\n\t\t<\/section>\n\t\t\t\t<section class=\"elementor-section elementor-inner-section elementor-element elementor-element-1c26058 elementor-section-full_width elementor-section-height-default elementor-section-height-default parallax_section_no qode_elementor_container_no\" data-id=\"1c26058\" data-element_type=\"section\">\n\t\t\t\t\t\t<div class=\"elementor-container elementor-column-gap-default\">\n\t\t\t\t\t<div class=\"elementor-column elementor-col-50 elementor-inner-column elementor-element elementor-element-4668699\" data-id=\"4668699\" data-element_type=\"column\">\n\t\t\t<div class=\"elementor-widget-wrap\">\n\t\t\t\t\t\t\t\t\t<\/div>\n\t\t<\/div>\n\t\t\t\t<div class=\"elementor-column elementor-col-50 elementor-inner-column elementor-element elementor-element-c51ff12 elementor-invisible\" data-id=\"c51ff12\" data-element_type=\"column\" data-settings=\"{&quot;background_background&quot;:&quot;classic&quot;,&quot;animation&quot;:&quot;fadeInRight&quot;}\">\n\t\t\t<div class=\"elementor-widget-wrap elementor-element-populated\">\n\t\t\t\t\t\t\t\t<div class=\"elementor-element elementor-element-5a951c6 elementor-widget elementor-widget-heading\" data-id=\"5a951c6\" data-element_type=\"widget\" data-widget_type=\"heading.default\">\n\t\t\t\t<div class=\"elementor-widget-container\">\n\t\t\t<h3 class=\"elementor-heading-title elementor-size-default\">Narbenkorrektur und Faltenbehandlung<\/h3>\t\t<\/div>\n\t\t\t\t<\/div>\n\t\t\t\t<div class=\"elementor-element elementor-element-d10e0c9 elementor-widget elementor-widget-bridge_unordered_list\" data-id=\"d10e0c9\" data-element_type=\"widget\" data-widget_type=\"bridge_unordered_list.default\">\n\t\t\t\t<div class=\"elementor-widget-container\">\n\t\t\t<div class='q_list circle'><ul><li>Narbenkorrektur: (operativ)<\/li><li>Faltenbehandlung (Unterspritzung)<\/li><li>Anti-Aging mit Hyalurons\u00e4ure<\/li><li>Botulinum<\/li><\/ul><\/div>\t\t<\/div>\n\t\t\t\t<\/div>\n\t\t\t\t\t<\/div>\n\t\t<\/div>\n\t\t\t\t\t\t\t<\/div>\n\t\t<\/section>\n\t\t\t\t<section class=\"elementor-section elementor-inner-section elementor-element elementor-element-2a5991d elementor-section-full_width elementor-section-height-default elementor-section-height-default parallax_section_no qode_elementor_container_no\" data-id=\"2a5991d\" data-element_type=\"section\">\n\t\t\t\t\t\t<div class=\"elementor-container elementor-column-gap-default\">\n\t\t\t\t\t<div class=\"elementor-column elementor-col-50 elementor-inner-column elementor-element elementor-element-c42cf0f\" data-id=\"c42cf0f\" data-element_type=\"column\">\n\t\t\t<div class=\"elementor-widget-wrap\">\n\t\t\t\t\t\t\t\t\t<\/div>\n\t\t<\/div>\n\t\t\t\t<div class=\"elementor-column elementor-col-50 elementor-inner-column elementor-element elementor-element-7de3c92 elementor-invisible\" data-id=\"7de3c92\" data-element_type=\"column\" data-settings=\"{&quot;background_background&quot;:&quot;classic&quot;,&quot;animation&quot;:&quot;fadeInRight&quot;}\">\n\t\t\t<div class=\"elementor-widget-wrap elementor-element-populated\">\n\t\t\t\t\t\t\t\t<div class=\"elementor-element elementor-element-4cfebbe elementor-widget elementor-widget-heading\" data-id=\"4cfebbe\" data-element_type=\"widget\" data-widget_type=\"heading.default\">\n\t\t\t\t<div class=\"elementor-widget-container\">\n\t\t\t<h3 class=\"elementor-heading-title elementor-size-default\">Wunschbeschneidung bei S\u00e4uglingen und Kindern<\/h3>\t\t<\/div>\n\t\t\t\t<\/div>\n\t\t\t\t<div class=\"elementor-element elementor-element-ebf49f9 elementor-widget elementor-widget-text-editor\" data-id=\"ebf49f9\" data-element_type=\"widget\" data-widget_type=\"text-editor.default\">\n\t\t\t\t<div class=\"elementor-widget-container\">\n\t\t\t\t\t\t\t\t<p>Wunschbeschneidungen (rituelle Beschneidungen) bei S\u00e4uglingen und Kindern k\u00f6nnen unter Beachtung der gesetzlichen Vorgaben (Abw\u00e4gung von Kindeswohl und Elternwille) ambulant durchgef\u00fchrt werden. Die Kosten hierf\u00fcr werden nicht von den Krankenkassen \u00fcbernommen.<\/p>\t\t\t\t\t\t<\/div>\n\t\t\t\t<\/div>\n\t\t\t\t\t<\/div>\n\t\t<\/div>\n\t\t\t\t\t\t\t<\/div>\n\t\t<\/section>\n\t\t\t\t<section class=\"elementor-section elementor-inner-section elementor-element elementor-element-733572b elementor-section-full_width elementor-section-height-default elementor-section-height-default parallax_section_no qode_elementor_container_no\" data-id=\"733572b\" data-element_type=\"section\">\n\t\t\t\t\t\t<div class=\"elementor-container elementor-column-gap-default\">\n\t\t\t\t\t<div class=\"elementor-column elementor-col-50 elementor-inner-column elementor-element elementor-element-70554de elementor-invisible\" data-id=\"70554de\" data-element_type=\"column\" data-settings=\"{&quot;background_background&quot;:&quot;classic&quot;,&quot;animation&quot;:&quot;fadeInLeft&quot;}\">\n\t\t\t<div class=\"elementor-widget-wrap elementor-element-populated\">\n\t\t\t\t\t\t\t\t<div class=\"elementor-element elementor-element-ec1e9ad elementor-widget elementor-widget-heading\" data-id=\"ec1e9ad\" data-element_type=\"widget\" data-widget_type=\"heading.default\">\n\t\t\t\t<div class=\"elementor-widget-container\">\n\t\t\t<h3 class=\"elementor-heading-title elementor-size-default\">Zirkumzision (Beschneidung)<\/h3>\t\t<\/div>\n\t\t\t\t<\/div>\n\t\t\t\t<div class=\"elementor-element elementor-element-0c4e6b0 elementor-widget elementor-widget-text-editor\" data-id=\"0c4e6b0\" data-element_type=\"widget\" data-widget_type=\"text-editor.default\">\n\t\t\t\t<div class=\"elementor-widget-container\">\n\t\t\t\t\t\t\t\t<p>Unter einer Zirkumzision (von lat. circumcisio \u201eBeschneidung\u201c) versteht man die teilweise oder vollst\u00e4ndige Entfernung der m\u00e4nnlichen Vorhaut.<\/p><p>\u00a0<\/p><p>Es gibt mehrere Gr\u00fcnde f\u00fcr eine Beschneidung:<\/p>\t\t\t\t\t\t<\/div>\n\t\t\t\t<\/div>\n\t\t\t\t<div class=\"elementor-element elementor-element-491b2ba elementor-widget elementor-widget-bridge_unordered_list\" data-id=\"491b2ba\" data-element_type=\"widget\" data-widget_type=\"bridge_unordered_list.default\">\n\t\t\t\t<div class=\"elementor-widget-container\">\n\t\t\t<div class='q_list circle'><p><strong>Medizinische Gr\u00fcnde:<\/strong><\/p><ul><li>Entz\u00fcndungen oder Einengung (Phimose) der Vorhaut<\/li><li>Religi\u00f6se-kulturelle Gr\u00fcnde (Wunschbeschneidungen)<\/li><li>Hygienische und sonstige Gr\u00fcnde<\/li><\/ul><\/div>\t\t<\/div>\n\t\t\t\t<\/div>\n\t\t\t\t<div class=\"elementor-element elementor-element-3403c8a elementor-widget elementor-widget-text-editor\" data-id=\"3403c8a\" data-element_type=\"widget\" data-widget_type=\"text-editor.default\">\n\t\t\t\t<div class=\"elementor-widget-container\">\n\t\t\t\t\t\t\t\t<p>Bei den medizinisch indizierten Zirkumzisionen werden die Kosten von den meisten Krankenkassen \u00fcbernommen. Die Kosten bei Zirkumzision aus religi\u00f6sen, kulturellen und hygienischen Gr\u00fcnden werden nicht von die Krankenkassen \u00fcbernommen.<\/p><p>\u00a0<\/p><p>Die Zirkumzisionen wird in kurzen Sedierung durchgef\u00fchrt. Die Patienten werden schl\u00e4frig und sp\u00fcren den Schmerz w\u00e4hrend der Operation nicht. Diese Methode brachte bisher viele positive Ergebnisse in der Chirurgie.<\/p>\t\t\t\t\t\t<\/div>\n\t\t\t\t<\/div>\n\t\t\t\t\t<\/div>\n\t\t<\/div>\n\t\t\t\t<div class=\"elementor-column elementor-col-50 elementor-inner-column elementor-element elementor-element-6d4b0b0\" data-id=\"6d4b0b0\" data-element_type=\"column\">\n\t\t\t<div class=\"elementor-widget-wrap\">\n\t\t\t\t\t\t\t\t\t<\/div>\n\t\t<\/div>\n\t\t\t\t\t\t\t<\/div>\n\t\t<\/section>\n\t\t\t\t\t<\/div>\n\t\t<\/div>\n\t\t\t\t\t\t\t<\/div>\n\t\t<\/section>\n\t\t\t\t\t\t<\/div>\n\t\t\t\t\t<\/div>\n\t\t","protected":false},"excerpt":{"rendered":"<p>Erfahrung! Zuverl\u00e4ssigkeit! Kompetenz! Chirurgie Endoprothetik Mit zunehmendem Alter, steigender Belastung, \u00dcbergewicht und Fehlstellungen der Beine, kommt es zu einer Abnutzung des Gelenkknorpels (Arthrose). \u00a0 Sollte eine konservative Therapie zu keiner Beschwerdelinderung f\u00fchren, kann der Einsatz von Endprothesen in Erw\u00e4gung gezogen werden. \u00a0 Vor jeder Operation&#8230;<\/p>\n","protected":false},"author":1,"featured_media":0,"parent":0,"menu_order":0,"comment_status":"closed","ping_status":"closed","template":"","meta":[],"_links":{"self":[{"href":"http:\/\/s659316339.online.de\/praxis-wardak\/wp-json\/wp\/v2\/pages\/1271"}],"collection":[{"href":"http:\/\/s659316339.online.de\/praxis-wardak\/wp-json\/wp\/v2\/pages"}],"about":[{"href":"http:\/\/s659316339.online.de\/praxis-wardak\/wp-json\/wp\/v2\/types\/page"}],"author":[{"embeddable":true,"href":"http:\/\/s659316339.online.de\/praxis-wardak\/wp-json\/wp\/v2\/users\/1"}],"replies":[{"embeddable":true,"href":"http:\/\/s659316339.online.de\/praxis-wardak\/wp-json\/wp\/v2\/comments?post=1271"}],"version-history":[{"count":37,"href":"http:\/\/s659316339.online.de\/praxis-wardak\/wp-json\/wp\/v2\/pages\/1271\/revisions"}],"predecessor-version":[{"id":1391,"href":"http:\/\/s659316339.online.de\/praxis-wardak\/wp-json\/wp\/v2\/pages\/1271\/revisions\/1391"}],"wp:attachment":[{"href":"http:\/\/s659316339.online.de\/praxis-wardak\/wp-json\/wp\/v2\/media?parent=1271"}],"curies":[{"name":"wp","href":"https:\/\/api.w.org\/{rel}","templated":true}]}}